
{"id":465,"date":"2015-04-28T09:24:21","date_gmt":"2015-04-28T09:24:21","guid":{"rendered":"http:\/\/e-process-achatpublic.fr\/conseil-ha\/?page_id=465"},"modified":"2015-04-29T21:57:57","modified_gmt":"2015-04-29T21:57:57","slug":"mentions-legales-2","status":"publish","type":"page","link":"https:\/\/e-process-achatpublic.fr\/conseil-ha\/mentions-legales-2\/","title":{"rendered":"Mentions l\u00e9gales"},"content":{"rendered":"<p style=\"text-align: justify;\">Les pr\u00e9sentes conditions g\u00e9n\u00e9rales d&rsquo;utilisation d\u00e9terminent les r\u00e8gles d&rsquo;acc\u00e8s au site et ses conditions d&rsquo;utilisation que l&rsquo;utilisateur reconnait accepter sans r\u00e9serve, du seul fait de sa connexion au site. Ces conditions d&rsquo;utilisation sont susceptibles d&rsquo;\u00eatre modifi\u00e9es ou compl\u00e9t\u00e9es \u00e0 tout moment, les utilisateurs sont donc invit\u00e9s \u00e0 les consulter de mani\u00e8re r\u00e9guli\u00e8re.<\/p>\n<p>&nbsp;<\/p>\n<h3>1. Identification du site<\/h3>\n<p>Le site e-process-achatpublic.fr est \u00e9dit\u00e9 par:<\/p>\n<p>Conseil h@ &#8211;\u00a0SIRET n\u00b0421 683 194 00029 &#8211; 26 rue Darius Milhaud 78280 Guyancourt &#8211; 06 86 00 28 15<\/p>\n<p>Directeur de la publication : Fabienne Lentin<\/p>\n<p>&nbsp;<\/p>\n<p>L&rsquo;h\u00e9bergement du site est assur\u00e9 par OVH &#8211; 2 rue Kellerman 59100 Roubaix<\/p>\n<p>&nbsp;<\/p>\n<p>Les images sont acquises aupr\u00e8s de Fotolia &#8211; LLC 41 East 11h Street NY 10003 USA<\/p>\n<p>&nbsp;<\/p>\n<h3>2. Acc\u00e8s au site<\/h3>\n<p style=\"text-align: justify;\">Le site est normalement accessible \u00e0 tout moment aux utilisateurs disposant d&rsquo;un acc\u00e8s \u00e0 internet. Tous les co\u00fbts aff\u00e9rents\u00a0\u00e0 l&rsquo;acc\u00e8s du site que ce soient les frais mat\u00e9riels, logiciels, ou d&rsquo;acc\u00e8s\u00a0\u00e0 internet sont exclusivement \u00e0 la charge de l&rsquo;utilisateur. Il est le seul responsable du bon fonctionnement de son \u00e9quipement informatique ainsi que de son acc\u00e8s \u00e0 internet.<\/p>\n<p style=\"text-align: justify;\">Conseil h@ ne pourra pas \u00eatre tenu responsable de tout dysfonctionnement du r\u00e9seau, des serveurs ou de tout autre \u00e9v\u00e8nement \u00e9chappant au contr\u00f4le raisonnable, qui emp\u00eacherait ou d\u00e9graderait l&rsquo;acc\u00e8s au site.<\/p>\n<p style=\"text-align: justify;\">Conseil h@ se r\u00e9serve la possibilit\u00e9 d&rsquo;interrompre, de suspendre momentan\u00e9ment ou de modifier sans pr\u00e9avis l&rsquo;acc\u00e8s \u00e0 tout ou partie du site afin d&rsquo;en assurer la maintenance ou pour tout autre raison, sans que l&rsquo;interruption n&rsquo;ouvre droit \u00e0 aucune obligation ni indemnisation.<\/p>\n<p style=\"text-align: justify;\">L&rsquo;utilisateur accepte de n&rsquo;entreprendre aucune activit\u00e9 de nature \u00e0 entraver ou \u00e0 perturber le site (ou les\u00a0serveurs et les r\u00e9seaux raccord\u00e9s au site).<\/p>\n<p>&nbsp;<\/p>\n<h3>3. Propri\u00e9t\u00e9 intellectuelle<\/h3>\n<p>Tous les \u00e9l\u00e9ments du site sont et restent la propri\u00e9t\u00e9 intellectuelle et exclusive de Conseil h@.<\/p>\n<p style=\"text-align: justify;\">L&rsquo;int\u00e9gralit\u00e9 des \u00e9l\u00e9ments du site ainsi que la technologie sous-jacente sont prot\u00e9g\u00e9s par les droits d&rsquo;auteurs, des brevets et des marques. toute personne souhaitant utiliser ces \u00e9l\u00e9ments doit, au pr\u00e9alable, en demander consultation \u00e9crite \u00e0 Conseil h@.<\/p>\n<p style=\"text-align: justify;\">Conseil h@ autorise, sans autorisation pr\u00e9alable, la mise en place de liens hypertextes pointant vers les pages du site, sous r\u00e9serve que l&rsquo;ouverture des liens se fassent dans une fen\u00eatre ind\u00e9pendante. Les sites qui font le choix de pointer vers www.e-process-achatpublic.fr engagent leur responsabilit\u00e9 d\u00e8s lors qu&rsquo;ils porteraient atteinte \u00e0 l&rsquo;image du site public.<\/p>\n<p>&nbsp;<\/p>\n<h3 style=\"text-align: justify;\">4. Donn\u00e9es personnelles<\/h3>\n<p style=\"text-align: justify;\">Conseil h@ est responsable du traitement des donn\u00e9es personnelles qu&rsquo;elle collecte dans le cadre de la vente de ses prestations propos\u00e9es sur le site.<\/p>\n<p style=\"text-align: justify;\">Les informations communiqu\u00e9es par les utilisateurs dans le cadre de leur inscription sur le site et de leurs commandes de produits sont utilis\u00e9es pour le traitement et le suivi de leurs commandes, de la gestion marketing, de la relation utilisateurs.<\/p>\n<p style=\"text-align: justify;\">Conform\u00e9ment \u00e0 la loi \u00ab\u00a0informatique et libert\u00e9\u00a0\u00bb du 6 janvier 1978, les utilisateurs disposent d&rsquo;un droit d&rsquo;acc\u00e8s, de modification, de suppression des donn\u00e9es personnelles qui les concernent. A cet effet, il leur suffit d&rsquo;en faire la demande\u00a0via la page\u00a0\u00ab\u00a0contact\u00a0\u00bb.<\/p>\n<p>&nbsp;<\/p>\n<h3 style=\"text-align: justify;\">5. Responsabilit\u00e9s<\/h3>\n<p style=\"text-align: justify;\">Conseil h@ n&rsquo;est tenu que par ses obligations de moyens ; \u00a0sa responsabilit\u00e9 ne pourra aucunement \u00eatre engag\u00e9e pour un dommage r\u00e9sultant de l&rsquo;utilisation du r\u00e9seau internet tel que perte de donn\u00e9es, intrusion, virus, rupture du service autres probl\u00e8mes involontaires.<\/p>\n<p style=\"text-align: justify;\">Par ailleurs, conseil h@ ne peut \u00eatre mise en cause en cas d&rsquo;impossibilit\u00e9 d&rsquo;ex\u00e9cuter\u00a0ses obligations du fait d&rsquo;un tiers ou dans un cas de force majeure telle que cette derni\u00e8re notion est d\u00e9finie par la jurisprudence fran\u00e7aise.<\/p>\n<p>&nbsp;<\/p>\n<h3 style=\"text-align: justify;\">6.\u00a0Droit applicable<\/h3>\n<p style=\"text-align: justify;\">En cas de litiges en relation avec l&rsquo;utilisation du site, les parties s&rsquo;engagent \u00e0 tout faire pour r\u00e9gler leurs diff\u00e9rents \u00e0 l&rsquo;amiable. Le site et son contenu sont soumis au droit fran\u00e7ais. Tout litige sera de la comp\u00e9tence exclusive des juridictions fran\u00e7aises comp\u00e9tentes.<\/p>\n<p>&nbsp;<\/p>\n<p>&nbsp;<\/p>\n<p>&nbsp;<\/p>\n<p>&nbsp;<\/p>\n","protected":false},"excerpt":{"rendered":"<p>Les pr\u00e9sentes conditions g\u00e9n\u00e9rales d&rsquo;utilisation d\u00e9terminent les r\u00e8gles d&rsquo;acc\u00e8s au site et ses conditions d&rsquo;utilisation que l&rsquo;utilisateur reconnait accepter sans r\u00e9serve, du seul fait de sa connexion au site. Ces conditions d&rsquo;utilisation sont susceptibles d&rsquo;\u00eatre modifi\u00e9es ou compl\u00e9t\u00e9es \u00e0 tout &hellip; <a href=\"https:\/\/e-process-achatpublic.fr\/conseil-ha\/mentions-legales-2\/\">Lire la suite\u00ad\u00ad<\/a><\/p>\n","protected":false},"author":1,"featured_media":0,"parent":0,"menu_order":0,"comment_status":"open","ping_status":"open","template":"page-feature-sidebar.php","meta":{"kt_blocks_editor_width":"","footnotes":""},"_links":{"self":[{"href":"https:\/\/e-process-achatpublic.fr\/conseil-ha\/wp-json\/wp\/v2\/pages\/465"}],"collection":[{"href":"https:\/\/e-process-achatpublic.fr\/conseil-ha\/wp-json\/wp\/v2\/pages"}],"about":[{"href":"https:\/\/e-process-achatpublic.fr\/conseil-ha\/wp-json\/wp\/v2\/types\/page"}],"author":[{"embeddable":true,"href":"https:\/\/e-process-achatpublic.fr\/conseil-ha\/wp-json\/wp\/v2\/users\/1"}],"replies":[{"embeddable":true,"href":"https:\/\/e-process-achatpublic.fr\/conseil-ha\/wp-json\/wp\/v2\/comments?post=465"}],"version-history":[{"count":8,"href":"https:\/\/e-process-achatpublic.fr\/conseil-ha\/wp-json\/wp\/v2\/pages\/465\/revisions"}],"predecessor-version":[{"id":469,"href":"https:\/\/e-process-achatpublic.fr\/conseil-ha\/wp-json\/wp\/v2\/pages\/465\/revisions\/469"}],"wp:attachment":[{"href":"https:\/\/e-process-achatpublic.fr\/conseil-ha\/wp-json\/wp\/v2\/media?parent=465"}],"curies":[{"name":"wp","href":"https:\/\/api.w.org\/{rel}","templated":true}]}}