
{"id":4,"date":"2015-03-28T15:24:08","date_gmt":"2015-03-28T15:24:08","guid":{"rendered":"http:\/\/e-process-achatpublic.fr\/conseil-ha\/?page_id=4"},"modified":"2025-08-31T12:45:10","modified_gmt":"2025-08-31T12:45:10","slug":"accueil","status":"publish","type":"page","link":"https:\/\/e-process-achatpublic.fr\/conseil-ha\/","title":{"rendered":"Accueil"},"content":{"rendered":"\n<div class=\"wp-block-media-text alignwide has-media-on-the-right is-stacked-on-mobile justification_texte\" style=\"grid-template-columns:auto 33%\"><div class=\"wp-block-media-text__content\">\n<p class=\"has-text-align-left\">Conseil h@ a \u00e9t\u00e9 cr\u00e9\u00e9e en 2015 par Fabienne LENTIN.<\/p>\n\n\n\n<p class=\"has-text-align-left Justification_texte\">C&rsquo;est une entreprise de conseil et de formation, \u00e0 votre service pour l\u2019accompagnement dans les domaines de&nbsp;<strong>l\u2019achat public<\/strong>, la&nbsp;<strong>carte d\u2019achat<\/strong>&nbsp;et la&nbsp;<strong>formation professionnelle<\/strong>.<\/p>\n\n\n\n<p>Vous avez des probl\u00e8mes dans votre organisation pour atteindre vos objectifs&nbsp;? Vous avez besoin d\u2019acqu\u00e9rir, de d\u00e9velopper ou de consolider vos comp\u00e9tences&nbsp;?<\/p>\n\n\n\n<p>La mise en \u0153uvre des expertises de Conseil h@, est en mesure de vous apporter les solutions pour relever ensemble vos d\u00e9fis.<\/p>\n\n\n\n<p>Identifions d\u2019abord vos besoins pour mieux cibler les actions \u00e0 mener. Il y a certainement plusieurs fa\u00e7ons de faire mais nous allons surtout trouver celle qui vous convient.<\/p>\n\n\n\n<p>Conseil h@ intervient partout en France, y compris en <a href=\"http:\/\/e-process-achatpublic.fr\/conseil-ha\/h-outre-mer\/\">Outre-Mer<\/a>.<\/p>\n<\/div><figure class=\"wp-block-media-text__media\"><img loading=\"lazy\" decoding=\"async\" width=\"683\" height=\"1024\" src=\"https:\/\/e-process-achatpublic.fr\/conseil-ha\/wp-content\/uploads\/2025\/08\/04bbbb1b-36ad-42d3-817c-cd8bcd3109a4-2-683x1024.jpg\" alt=\"\" class=\"wp-image-2269 size-full\" srcset=\"https:\/\/e-process-achatpublic.fr\/conseil-ha\/wp-content\/uploads\/2025\/08\/04bbbb1b-36ad-42d3-817c-cd8bcd3109a4-2-683x1024.jpg 683w, https:\/\/e-process-achatpublic.fr\/conseil-ha\/wp-content\/uploads\/2025\/08\/04bbbb1b-36ad-42d3-817c-cd8bcd3109a4-2-200x300.jpg 200w, https:\/\/e-process-achatpublic.fr\/conseil-ha\/wp-content\/uploads\/2025\/08\/04bbbb1b-36ad-42d3-817c-cd8bcd3109a4-2-768x1152.jpg 768w, https:\/\/e-process-achatpublic.fr\/conseil-ha\/wp-content\/uploads\/2025\/08\/04bbbb1b-36ad-42d3-817c-cd8bcd3109a4-2-1024x1536.jpg 1024w, https:\/\/e-process-achatpublic.fr\/conseil-ha\/wp-content\/uploads\/2025\/08\/04bbbb1b-36ad-42d3-817c-cd8bcd3109a4-2.jpg 1067w\" sizes=\"(max-width: 683px) 100vw, 683px\" \/><\/figure><\/div>\n\n\n\n<h2 class=\"wp-block-heading\">3 expertises<\/h2>\n\n\n\n<div class=\"wp-block-kadence-rowlayout alignnone\"><div id=\"kt-layout-id_40a871-46\" class=\"kt-row-layout-inner kt-layout-id_40a871-46\"><div class=\"kt-row-column-wrap kt-has-3-columns kt-gutter-default kt-v-gutter-default kt-row-valign-top kt-row-layout-equal kt-tab-layout-inherit kt-m-colapse-left-to-right kt-mobile-layout-row\">\n<div class=\"wp-block-kadence-column inner-column-1 kadence-column_40651a-34\"><div class=\"kt-inside-inner-col\">\n<figure class=\"wp-block-image size-full\"><a href=\"http:\/\/e-process-achatpublic.fr\/conseil-ha\/wp-content\/uploads\/2021\/07\/Cahier-des-charges-site-internet-1.png\"><img loading=\"lazy\" decoding=\"async\" width=\"720\" height=\"405\" src=\"http:\/\/e-process-achatpublic.fr\/conseil-ha\/wp-content\/uploads\/2021\/07\/Cahier-des-charges-site-internet-1.png\" alt=\"\" class=\"wp-image-1509\" srcset=\"https:\/\/e-process-achatpublic.fr\/conseil-ha\/wp-content\/uploads\/2021\/07\/Cahier-des-charges-site-internet-1.png 720w, https:\/\/e-process-achatpublic.fr\/conseil-ha\/wp-content\/uploads\/2021\/07\/Cahier-des-charges-site-internet-1-300x169.png 300w\" sizes=\"(max-width: 720px) 100vw, 720px\" \/><\/a><\/figure>\n<\/div><\/div>\n\n\n\n<div class=\"wp-block-kadence-column inner-column-2 kadence-column_f83dc7-0b\"><div class=\"kt-inside-inner-col\">\n<figure class=\"wp-block-image size-full\"><a href=\"http:\/\/e-process-achatpublic.fr\/conseil-ha\/wp-content\/uploads\/2021\/07\/cha-2.png\"><img loading=\"lazy\" decoding=\"async\" width=\"720\" height=\"405\" src=\"http:\/\/e-process-achatpublic.fr\/conseil-ha\/wp-content\/uploads\/2021\/07\/cha-2.png\" alt=\"\" class=\"wp-image-1670\" srcset=\"https:\/\/e-process-achatpublic.fr\/conseil-ha\/wp-content\/uploads\/2021\/07\/cha-2.png 720w, https:\/\/e-process-achatpublic.fr\/conseil-ha\/wp-content\/uploads\/2021\/07\/cha-2-300x169.png 300w\" sizes=\"(max-width: 720px) 100vw, 720px\" \/><\/a><\/figure>\n<\/div><\/div>\n\n\n\n<div class=\"wp-block-kadence-column inner-column-3 kadence-column_3b0d2a-30\"><div class=\"kt-inside-inner-col\">\n<figure class=\"wp-block-image size-full\"><a href=\"http:\/\/e-process-achatpublic.fr\/conseil-ha\/wp-content\/uploads\/2021\/07\/fp-3.png\"><img loading=\"lazy\" decoding=\"async\" width=\"720\" height=\"405\" src=\"http:\/\/e-process-achatpublic.fr\/conseil-ha\/wp-content\/uploads\/2021\/07\/fp-3.png\" alt=\"\" class=\"wp-image-1675\" srcset=\"https:\/\/e-process-achatpublic.fr\/conseil-ha\/wp-content\/uploads\/2021\/07\/fp-3.png 720w, https:\/\/e-process-achatpublic.fr\/conseil-ha\/wp-content\/uploads\/2021\/07\/fp-3-300x169.png 300w\" sizes=\"(max-width: 720px) 100vw, 720px\" \/><\/a><\/figure>\n<\/div><\/div>\n<\/div><\/div><\/div>\n\n\n\n<h2 class=\"wp-block-heading\">3 modes d&rsquo;accompagnement <\/h2>\n\n\n\n<div class=\"wp-block-kadence-rowlayout alignnone\"><div id=\"kt-layout-id_529ef2-3c\" class=\"kt-row-layout-inner kt-layout-id_529ef2-3c\"><div class=\"kt-row-column-wrap kt-has-3-columns kt-gutter-default kt-v-gutter-default kt-row-valign-top kt-row-layout-equal kt-tab-layout-inherit kt-m-colapse-left-to-right kt-mobile-layout-row\">\n<div class=\"wp-block-kadence-column inner-column-1 kadence-column_b1fa14-46\"><div class=\"kt-inside-inner-col\">\n<figure class=\"wp-block-image size-full\"><a href=\"http:\/\/e-process-achatpublic.fr\/conseil-ha\/wp-content\/uploads\/2021\/07\/fomation-1.png\"><img loading=\"lazy\" decoding=\"async\" width=\"720\" height=\"405\" src=\"http:\/\/e-process-achatpublic.fr\/conseil-ha\/wp-content\/uploads\/2021\/07\/fomation-1.png\" alt=\"\" class=\"wp-image-1513\" srcset=\"https:\/\/e-process-achatpublic.fr\/conseil-ha\/wp-content\/uploads\/2021\/07\/fomation-1.png 720w, https:\/\/e-process-achatpublic.fr\/conseil-ha\/wp-content\/uploads\/2021\/07\/fomation-1-300x169.png 300w\" sizes=\"(max-width: 720px) 100vw, 720px\" \/><\/a><\/figure>\n<\/div><\/div>\n\n\n\n<div class=\"wp-block-kadence-column inner-column-2 kadence-column_e47405-35\"><div class=\"kt-inside-inner-col\">\n<figure class=\"wp-block-image size-full\"><a href=\"http:\/\/e-process-achatpublic.fr\/conseil-ha\/wp-content\/uploads\/2021\/07\/auditachat-1.png\"><img loading=\"lazy\" decoding=\"async\" width=\"720\" height=\"405\" src=\"http:\/\/e-process-achatpublic.fr\/conseil-ha\/wp-content\/uploads\/2021\/07\/auditachat-1.png\" alt=\"\" class=\"wp-image-1668\" srcset=\"https:\/\/e-process-achatpublic.fr\/conseil-ha\/wp-content\/uploads\/2021\/07\/auditachat-1.png 720w, https:\/\/e-process-achatpublic.fr\/conseil-ha\/wp-content\/uploads\/2021\/07\/auditachat-1-300x169.png 300w\" sizes=\"(max-width: 720px) 100vw, 720px\" \/><\/a><\/figure>\n<\/div><\/div>\n\n\n\n<div class=\"wp-block-kadence-column inner-column-3 kadence-column_f12d0a-3d\"><div class=\"kt-inside-inner-col\">\n<figure class=\"wp-block-image size-full\"><a href=\"http:\/\/e-process-achatpublic.fr\/conseil-ha\/wp-content\/uploads\/2021\/07\/conseils-1.png\"><img loading=\"lazy\" decoding=\"async\" width=\"720\" height=\"405\" src=\"http:\/\/e-process-achatpublic.fr\/conseil-ha\/wp-content\/uploads\/2021\/07\/conseils-1.png\" alt=\"\" class=\"wp-image-1669\" srcset=\"https:\/\/e-process-achatpublic.fr\/conseil-ha\/wp-content\/uploads\/2021\/07\/conseils-1.png 720w, https:\/\/e-process-achatpublic.fr\/conseil-ha\/wp-content\/uploads\/2021\/07\/conseils-1-300x169.png 300w\" sizes=\"(max-width: 720px) 100vw, 720px\" \/><\/a><\/figure>\n<\/div><\/div>\n<\/div><\/div><\/div>\n\n\n\n<h2 class=\"wp-block-heading\">Qui que vous soyez<\/h2>\n\n\n\n<div class=\"wp-block-kadence-rowlayout alignnone\"><div id=\"kt-layout-id_95f543-eb\" class=\"kt-row-layout-inner kt-layout-id_95f543-eb\"><div class=\"kt-row-column-wrap kt-has-3-columns kt-gutter-default kt-v-gutter-default kt-row-valign-top kt-row-layout-equal kt-tab-layout-inherit kt-m-colapse-left-to-right kt-mobile-layout-row\">\n<div class=\"wp-block-kadence-column inner-column-1 kadence-column_251f48-48\"><div class=\"kt-inside-inner-col\">\n<figure class=\"wp-block-image size-full\"><a href=\"http:\/\/e-process-achatpublic.fr\/conseil-ha\/wp-content\/uploads\/2021\/07\/ACH.png\"><img loading=\"lazy\" decoding=\"async\" width=\"720\" height=\"405\" src=\"http:\/\/e-process-achatpublic.fr\/conseil-ha\/wp-content\/uploads\/2021\/07\/ACH.png\" alt=\"\" class=\"wp-image-1528\" srcset=\"https:\/\/e-process-achatpublic.fr\/conseil-ha\/wp-content\/uploads\/2021\/07\/ACH.png 720w, https:\/\/e-process-achatpublic.fr\/conseil-ha\/wp-content\/uploads\/2021\/07\/ACH-300x169.png 300w\" sizes=\"(max-width: 720px) 100vw, 720px\" \/><\/a><\/figure>\n<\/div><\/div>\n\n\n\n<div class=\"wp-block-kadence-column inner-column-2 kadence-column_ff7de8-31\"><div class=\"kt-inside-inner-col\">\n<figure class=\"wp-block-image size-full\"><a href=\"http:\/\/e-process-achatpublic.fr\/conseil-ha\/wp-content\/uploads\/2021\/07\/FOUR.png\"><img loading=\"lazy\" decoding=\"async\" width=\"720\" height=\"405\" src=\"http:\/\/e-process-achatpublic.fr\/conseil-ha\/wp-content\/uploads\/2021\/07\/FOUR.png\" alt=\"\" class=\"wp-image-1529\" srcset=\"https:\/\/e-process-achatpublic.fr\/conseil-ha\/wp-content\/uploads\/2021\/07\/FOUR.png 720w, https:\/\/e-process-achatpublic.fr\/conseil-ha\/wp-content\/uploads\/2021\/07\/FOUR-300x169.png 300w\" sizes=\"(max-width: 720px) 100vw, 720px\" \/><\/a><\/figure>\n<\/div><\/div>\n\n\n\n<div class=\"wp-block-kadence-column inner-column-3 kadence-column_72b715-8c\"><div class=\"kt-inside-inner-col\">\n<figure class=\"wp-block-image size-full\"><a href=\"http:\/\/e-process-achatpublic.fr\/conseil-ha\/wp-content\/uploads\/2021\/07\/PAR.png\"><img loading=\"lazy\" decoding=\"async\" width=\"720\" height=\"405\" src=\"http:\/\/e-process-achatpublic.fr\/conseil-ha\/wp-content\/uploads\/2021\/07\/PAR.png\" alt=\"\" class=\"wp-image-1530\" srcset=\"https:\/\/e-process-achatpublic.fr\/conseil-ha\/wp-content\/uploads\/2021\/07\/PAR.png 720w, https:\/\/e-process-achatpublic.fr\/conseil-ha\/wp-content\/uploads\/2021\/07\/PAR-300x169.png 300w\" sizes=\"(max-width: 720px) 100vw, 720px\" \/><\/a><\/figure>\n<\/div><\/div>\n<\/div><\/div><\/div>\n\n\n<div class=\"wp-block-image is-resized\">\n<figure class=\"aligncenter\"><a href=\"http:\/\/e-process-achatpublic.fr\/conseil-ha\/qualiopi\/\"><img loading=\"lazy\" decoding=\"async\" width=\"633\" height=\"338\" src=\"http:\/\/e-process-achatpublic.fr\/conseil-ha\/wp-content\/uploads\/2022\/03\/LogoQualiopi-300dpi-Avec_Marianne.png\" alt=\"\" class=\"wp-image-1861\" srcset=\"https:\/\/e-process-achatpublic.fr\/conseil-ha\/wp-content\/uploads\/2022\/03\/LogoQualiopi-300dpi-Avec_Marianne.png 633w, https:\/\/e-process-achatpublic.fr\/conseil-ha\/wp-content\/uploads\/2022\/03\/LogoQualiopi-300dpi-Avec_Marianne-300x160.png 300w\" sizes=\"(max-width: 633px) 100vw, 633px\" \/><\/a><figcaption class=\"wp-element-caption\">La certification qualit\u00e9 a \u00e9t\u00e9 d\u00e9livr\u00e9e au titre de la cat\u00e9gorie suivante : ACTIONS DE FORMATION<\/figcaption><\/figure><\/div>\n\n\n<figure class=\"wp-block-gallery has-nested-images columns-default is-cropped wp-block-gallery-1 is-layout-flex wp-block-gallery-is-layout-flex\">\n<figure class=\"wp-block-image\"><img loading=\"lazy\" decoding=\"async\" width=\"720\" height=\"405\" data-id=\"1863\" src=\"http:\/\/e-process-achatpublic.fr\/conseil-ha\/wp-content\/uploads\/2022\/03\/Cahier-des-charges-site-internet.jpg\" alt=\"\" class=\"wp-image-1863\" srcset=\"https:\/\/e-process-achatpublic.fr\/conseil-ha\/wp-content\/uploads\/2022\/03\/Cahier-des-charges-site-internet.jpg 720w, https:\/\/e-process-achatpublic.fr\/conseil-ha\/wp-content\/uploads\/2022\/03\/Cahier-des-charges-site-internet-300x169.jpg 300w\" sizes=\"(max-width: 720px) 100vw, 720px\" \/><\/figure>\n<\/figure>\n\n\n\n<div class=\"wp-block-media-text alignwide\" style=\"grid-template-columns:32% auto\"><figure class=\"wp-block-media-text__media\"><img loading=\"lazy\" decoding=\"async\" width=\"1024\" height=\"708\" src=\"http:\/\/e-process-achatpublic.fr\/conseil-ha\/wp-content\/uploads\/2021\/07\/feedback-1978036_1920-1024x708.png\" alt=\"\" class=\"wp-image-1493 size-full\" srcset=\"https:\/\/e-process-achatpublic.fr\/conseil-ha\/wp-content\/uploads\/2021\/07\/feedback-1978036_1920-1024x708.png 1024w, https:\/\/e-process-achatpublic.fr\/conseil-ha\/wp-content\/uploads\/2021\/07\/feedback-1978036_1920-300x207.png 300w, https:\/\/e-process-achatpublic.fr\/conseil-ha\/wp-content\/uploads\/2021\/07\/feedback-1978036_1920-768x531.png 768w, https:\/\/e-process-achatpublic.fr\/conseil-ha\/wp-content\/uploads\/2021\/07\/feedback-1978036_1920.png 1920w\" sizes=\"(max-width: 1024px) 100vw, 1024px\" \/><\/figure><div class=\"wp-block-media-text__content\">\n<p class=\"has-text-align-center has-large-font-size\">Ils nous ont fait confiance<\/p>\n<\/div><\/div>\n\n\n\n<figure class=\"wp-block-image alignwide\"><img loading=\"lazy\" decoding=\"async\" width=\"720\" height=\"405\" src=\"http:\/\/e-process-achatpublic.fr\/conseil-ha\/wp-content\/uploads\/2021\/07\/clients.png\" alt=\"\" class=\"wp-image-1494\" srcset=\"https:\/\/e-process-achatpublic.fr\/conseil-ha\/wp-content\/uploads\/2021\/07\/clients.png 720w, https:\/\/e-process-achatpublic.fr\/conseil-ha\/wp-content\/uploads\/2021\/07\/clients-300x169.png 300w\" sizes=\"(max-width: 720px) 100vw, 720px\" \/><\/figure>\n","protected":false},"excerpt":{"rendered":"<p>Conseil h@ a \u00e9t\u00e9 cr\u00e9\u00e9e en 2015 par Fabienne LENTIN. C&rsquo;est une entreprise de conseil et de formation, \u00e0 votre service pour l\u2019accompagnement dans les domaines de&nbsp;l\u2019achat public, la&nbsp;carte d\u2019achat&nbsp;et la&nbsp;formation professionnelle. Vous avez des probl\u00e8mes dans votre organisation pour &hellip; <a href=\"https:\/\/e-process-achatpublic.fr\/conseil-ha\/\">Lire la suite\u00ad\u00ad<\/a><\/p>\n","protected":false},"author":1,"featured_media":0,"parent":0,"menu_order":0,"comment_status":"open","ping_status":"open","template":"page-fullwidth.php","meta":{"kt_blocks_editor_width":"","footnotes":""},"_links":{"self":[{"href":"https:\/\/e-process-achatpublic.fr\/conseil-ha\/wp-json\/wp\/v2\/pages\/4"}],"collection":[{"href":"https:\/\/e-process-achatpublic.fr\/conseil-ha\/wp-json\/wp\/v2\/pages"}],"about":[{"href":"https:\/\/e-process-achatpublic.fr\/conseil-ha\/wp-json\/wp\/v2\/types\/page"}],"author":[{"embeddable":true,"href":"https:\/\/e-process-achatpublic.fr\/conseil-ha\/wp-json\/wp\/v2\/users\/1"}],"replies":[{"embeddable":true,"href":"https:\/\/e-process-achatpublic.fr\/conseil-ha\/wp-json\/wp\/v2\/comments?post=4"}],"version-history":[{"count":65,"href":"https:\/\/e-process-achatpublic.fr\/conseil-ha\/wp-json\/wp\/v2\/pages\/4\/revisions"}],"predecessor-version":[{"id":2270,"href":"https:\/\/e-process-achatpublic.fr\/conseil-ha\/wp-json\/wp\/v2\/pages\/4\/revisions\/2270"}],"wp:attachment":[{"href":"https:\/\/e-process-achatpublic.fr\/conseil-ha\/wp-json\/wp\/v2\/media?parent=4"}],"curies":[{"name":"wp","href":"https:\/\/api.w.org\/{rel}","templated":true}]}}