
{"id":2185,"date":"2024-01-28T16:41:32","date_gmt":"2024-01-28T16:41:32","guid":{"rendered":"http:\/\/e-process-achatpublic.fr\/conseil-ha\/?page_id=2185"},"modified":"2024-01-29T16:00:32","modified_gmt":"2024-01-29T16:00:32","slug":"h-outre-mer","status":"publish","type":"page","link":"https:\/\/e-process-achatpublic.fr\/conseil-ha\/h-outre-mer\/","title":{"rendered":"h@ Outre-mer"},"content":{"rendered":"\n<div class=\"wp-block-columns is-layout-flex wp-container-core-columns-layout-1 wp-block-columns-is-layout-flex\">\n<div class=\"wp-block-column is-layout-flow wp-block-column-is-layout-flow\" style=\"flex-basis:100%\"><style id=\"kt-blocks_1c739f-69\">@media all and (min-width: 768px){#kt-layout-id_1c739f-69 > .kt-row-column-wrap > .inner-column-1{flex:0 1 65%;-webkit-flex:0 1 65%;}#kt-layout-id_1c739f-69 > .kt-row-column-wrap > .inner-column-2{flex:0 1 35%;-webkit-flex:0 1 35%;}}<\/style>\n<div class=\"wp-block-kadence-rowlayout alignnone\"><div id=\"kt-layout-id_1c739f-69\" class=\"kt-row-layout-inner kt-layout-id_1c739f-69\"><div class=\"kt-row-column-wrap kt-has-2-columns kt-gutter-default kt-v-gutter-default kt-row-valign-top kt-row-layout-equal kt-tab-layout-inherit kt-m-colapse-left-to-right kt-mobile-layout-row  kt-custom-first-width-65  kt-custom-second-width-35\">\n<div class=\"wp-block-kadence-column inner-column-1 kadence-column_8d8fe8-9c\"><div class=\"kt-inside-inner-col\">\n<figure class=\"wp-block-video\"><video autoplay controls loop src=\"http:\/\/e-process-achatpublic.fr\/conseil-ha\/wp-content\/uploads\/2024\/01\/5419804_Coll_wavebreak_Real-People_Plane_1280x720.mp4\"><\/video><\/figure>\n<\/div><\/div>\n\n\n\n<div class=\"wp-block-kadence-column inner-column-2 kadence-column_e6f856-0b\"><div class=\"kt-inside-inner-col\">\n<figure class=\"wp-block-image size-full\"><a href=\"http:\/\/e-process-achatpublic.fr\/conseil-ha\/wp-content\/uploads\/2024\/01\/h@OM.png\"><img loading=\"lazy\" decoding=\"async\" width=\"902\" height=\"348\" src=\"http:\/\/e-process-achatpublic.fr\/conseil-ha\/wp-content\/uploads\/2024\/01\/h@OM.png\" alt=\"\" class=\"wp-image-2184\" srcset=\"https:\/\/e-process-achatpublic.fr\/conseil-ha\/wp-content\/uploads\/2024\/01\/h@OM.png 902w, https:\/\/e-process-achatpublic.fr\/conseil-ha\/wp-content\/uploads\/2024\/01\/h@OM-300x116.png 300w, https:\/\/e-process-achatpublic.fr\/conseil-ha\/wp-content\/uploads\/2024\/01\/h@OM-768x296.png 768w\" sizes=\"(max-width: 902px) 100vw, 902px\" \/><\/a><\/figure>\n<\/div><\/div>\n<\/div><\/div><\/div>\n<\/div>\n<\/div>\n\n\n\n<p><\/p>\n\n\n\n<h2 class=\"wp-block-heading\">Toujours \u00e0 vos c\u00f4t\u00e9s<\/h2>\n\n\n\n<p>La succursale \u00ab\u00a0h@ Outre-mer\u00a0\u00bb de Conseil h@ est d\u00e9di\u00e9e sp\u00e9cifiquement \u00e0 l&rsquo;accompagnement des territoires fran\u00e7ais d&rsquo;outre-mer dans le domaine des march\u00e9s publics. Cette entit\u00e9 se concentre sur leurs contraintes particuli\u00e8res li\u00e9es notamment \u00e0 l&rsquo;insularit\u00e9 \u00e9conomique, offrant des solutions sur mesure pour surmonter les d\u00e9fis sp\u00e9cifiques \u00e0 ces r\u00e9gions.<\/p>\n\n\n\n<h2 class=\"wp-block-heading\">Une expertise march\u00e9s publics<\/h2>\n\n\n\n<p>L&rsquo;approche de h@ Outre-mer est de fournir une expertise approfondie et adapt\u00e9e aux contextes locaux, en tenant compte des particularit\u00e9s culturelles, \u00e9conomiques et g\u00e9ographiques des territoires d&rsquo;outre-mer. Cette initiative vise \u00e0 renforcer l&rsquo;efficacit\u00e9 et l&rsquo;efficience des march\u00e9s publics dans ces r\u00e9gions, tout en soutenant leur d\u00e9veloppement \u00e9conomique et social.<\/p>\n\n\n\n<h2 class=\"wp-block-heading\">Selon vos besoins<\/h2>\n\n\n\n<p>h@ Outre-mer propose une intervention et un accompagnement adapt\u00e9s \u00e0 la fois au conseil et \u00e0 la formation, en pr\u00e9sentiel ou en distanciel. Cette approche flexible permet de r\u00e9pondre efficacement \u00e0 vos besoins. En pr\u00e9sentiel, l&rsquo;accent est mis sur l&rsquo;interaction directe et la pratique, tandis qu&rsquo;en distanciel, des outils num\u00e9riques innovants sont utilis\u00e9s pour une exp\u00e9rience d&rsquo;apprentissage immersive et accessible. Cette polyvalence assure une prestation de services de haute qualit\u00e9, quelle que soit la modalit\u00e9 choisie. <br><br>La programmation des formations Outre-mer est accessible en cliquant <a href=\"https:\/\/www.logiciel-galaxy.fr\/catalogue-Conseil_ha.html\">ICI<\/a>. Consultez le catalogue par mois d&rsquo;intervention et s\u00e9lectionnez votre ville. <\/p>\n\n\n\n<p>Votre ville n&rsquo;apparait pas, les dates ne vous conviennent pas, vous recherchez une autre formation ?<br>N&rsquo;h\u00e9sitez pas contactez nous :<br><\/p>\n\n\n\n<p>07 83 65 18 06 &#8211;&nbsp;<a href=\"mailto:ha.outre-mer@e-process-achatpublic.fr\">ha.outre-mer@e-process-achatpublic.fr<\/a><\/p>\n\n\n\n<p>C\/O Guya Call, B\u00e2timent Horizon \u2013 Boite 7 &#8211; 4 Rue de l&rsquo;Astrolabe, 97354 R\u00e9mire Montjoly<\/p>\n\n\n\n<p><br><\/p>\n","protected":false},"excerpt":{"rendered":"<p>Toujours \u00e0 vos c\u00f4t\u00e9s La succursale \u00ab\u00a0h@ Outre-mer\u00a0\u00bb de Conseil h@ est d\u00e9di\u00e9e sp\u00e9cifiquement \u00e0 l&rsquo;accompagnement des territoires fran\u00e7ais d&rsquo;outre-mer dans le domaine des march\u00e9s publics. Cette entit\u00e9 se concentre sur leurs contraintes particuli\u00e8res li\u00e9es notamment \u00e0 l&rsquo;insularit\u00e9 \u00e9conomique, offrant &hellip; <a href=\"https:\/\/e-process-achatpublic.fr\/conseil-ha\/h-outre-mer\/\">Lire la suite\u00ad\u00ad<\/a><\/p>\n","protected":false},"author":1,"featured_media":0,"parent":0,"menu_order":0,"comment_status":"closed","ping_status":"closed","template":"","meta":{"kt_blocks_editor_width":"","footnotes":""},"_links":{"self":[{"href":"https:\/\/e-process-achatpublic.fr\/conseil-ha\/wp-json\/wp\/v2\/pages\/2185"}],"collection":[{"href":"https:\/\/e-process-achatpublic.fr\/conseil-ha\/wp-json\/wp\/v2\/pages"}],"about":[{"href":"https:\/\/e-process-achatpublic.fr\/conseil-ha\/wp-json\/wp\/v2\/types\/page"}],"author":[{"embeddable":true,"href":"https:\/\/e-process-achatpublic.fr\/conseil-ha\/wp-json\/wp\/v2\/users\/1"}],"replies":[{"embeddable":true,"href":"https:\/\/e-process-achatpublic.fr\/conseil-ha\/wp-json\/wp\/v2\/comments?post=2185"}],"version-history":[{"count":8,"href":"https:\/\/e-process-achatpublic.fr\/conseil-ha\/wp-json\/wp\/v2\/pages\/2185\/revisions"}],"predecessor-version":[{"id":2254,"href":"https:\/\/e-process-achatpublic.fr\/conseil-ha\/wp-json\/wp\/v2\/pages\/2185\/revisions\/2254"}],"wp:attachment":[{"href":"https:\/\/e-process-achatpublic.fr\/conseil-ha\/wp-json\/wp\/v2\/media?parent=2185"}],"curies":[{"name":"wp","href":"https:\/\/api.w.org\/{rel}","templated":true}]}}