
{"id":2145,"date":"2024-01-28T14:51:17","date_gmt":"2024-01-28T14:51:17","guid":{"rendered":"http:\/\/e-process-achatpublic.fr\/conseil-ha\/?page_id=2145"},"modified":"2026-01-30T09:27:35","modified_gmt":"2026-01-30T09:27:35","slug":"qualiopi","status":"publish","type":"page","link":"https:\/\/e-process-achatpublic.fr\/conseil-ha\/qualiopi\/","title":{"rendered":"QUALIOPI"},"content":{"rendered":"<div class=\"wp-block-image\">\n<figure class=\"aligncenter size-large\"><a href=\"http:\/\/e-process-achatpublic.fr\/conseil-ha\/wp-content\/uploads\/2024\/04\/certificat-B00129-1.pdf\"><img loading=\"lazy\" decoding=\"async\" width=\"724\" height=\"1024\" src=\"http:\/\/e-process-achatpublic.fr\/conseil-ha\/wp-content\/uploads\/2024\/04\/certificat-B00129-1-pdf-724x1024.jpg\" alt=\"\" class=\"wp-image-2264\"\/><\/a><\/figure><\/div>\n\n\n<p>Conseil h@ a obtenu la certification QUALIOPI pour les actions de formation avec une <strong>1<\/strong><sup><strong>\u00e8re<\/strong><\/sup><strong>&nbsp;\u00e9mission le 17 avril 2020<\/strong>. Notre \u00e9tablissement fait partie des premiers organismes de formation \u00e0 avoir \u00e9t\u00e9 certifi\u00e9.&nbsp;<\/p>\n\n\n\n<p>Cette certification renforce notre engagement envers la qualit\u00e9 et l&rsquo;excellence dans nos programmes de formation.&nbsp;<\/p>\n\n\n\n<p>Elle repr\u00e9sente pour nous une importance significative dans les domaines suivants&nbsp;:<\/p>\n\n\n\n<ul>\n<li><strong>Reconnaissance de la Qualit\u00e9 <\/strong>: QUALIOPI atteste d&rsquo;un haut standard de qualit\u00e9 dans les formations propos\u00e9es, ce qui renforce la cr\u00e9dibilit\u00e9 et la r\u00e9putation de Conseil h@ aupr\u00e8s de ses clients et de ses partenaires. Cette certification assure en effet que les programmes et les processus de Conseil h@ sont align\u00e9s sur les exigences nationales en mati\u00e8re de formation professionnelle.<\/li>\n<\/ul>\n\n\n\n<ul>\n<li><strong>Am\u00e9lioration Continue<\/strong> : La certification encourage l&rsquo;am\u00e9lioration continue des processus et des contenus p\u00e9dagogiques, ce qui garantit une offre de formation toujours \u00e0 la pointe.<\/li>\n<\/ul>\n\n\n\n<ul>\n<li><strong>Confiance des Apprenants<\/strong> : Elle rassure les apprenants sur la qualit\u00e9 et la pertinence des formations, contribuant ainsi \u00e0 une meilleure satisfaction et un meilleur engagement.<\/li>\n<\/ul>\n\n\n\n<p>Tous les partenaires de Conseil h@ respectent les exigences du r\u00e9f\u00e9rentiel Qualiopi.<\/p>\n\n\n\n<p>Les partenaires privil\u00e9gi\u00e9es sont <a href=\"https:\/\/cec-audit-conseil.com\" target=\"_blank\" rel=\"noreferrer noopener\">CEC Audit &amp; Conseil<\/a> et <a href=\"https:\/\/www.dg-formation.fr\">d<\/a><a href=\"https:\/\/www.dg-formation.fr\" target=\"_blank\" rel=\"noreferrer noopener\">g formation<\/a>.<\/p>\n\n\n\n<h1 class=\"wp-block-heading has-text-align-center\">En 2025, 96,8% des stagiaires\u00a0ayant renseign\u00e9 leur questionnaire, ont \u00e9t\u00e9 tr\u00e8s satisfaits. <\/h1>\n","protected":false},"excerpt":{"rendered":"<p>Conseil h@ a obtenu la certification QUALIOPI pour les actions de formation avec une 1\u00e8re&nbsp;\u00e9mission le 17 avril 2020. Notre \u00e9tablissement fait partie des premiers organismes de formation \u00e0 avoir \u00e9t\u00e9 certifi\u00e9.&nbsp; Cette certification renforce notre engagement envers la qualit\u00e9 &hellip; <a href=\"https:\/\/e-process-achatpublic.fr\/conseil-ha\/qualiopi\/\">Lire la suite\u00ad\u00ad<\/a><\/p>\n","protected":false},"author":1,"featured_media":0,"parent":0,"menu_order":0,"comment_status":"closed","ping_status":"closed","template":"","meta":{"kt_blocks_editor_width":"","footnotes":""},"_links":{"self":[{"href":"https:\/\/e-process-achatpublic.fr\/conseil-ha\/wp-json\/wp\/v2\/pages\/2145"}],"collection":[{"href":"https:\/\/e-process-achatpublic.fr\/conseil-ha\/wp-json\/wp\/v2\/pages"}],"about":[{"href":"https:\/\/e-process-achatpublic.fr\/conseil-ha\/wp-json\/wp\/v2\/types\/page"}],"author":[{"embeddable":true,"href":"https:\/\/e-process-achatpublic.fr\/conseil-ha\/wp-json\/wp\/v2\/users\/1"}],"replies":[{"embeddable":true,"href":"https:\/\/e-process-achatpublic.fr\/conseil-ha\/wp-json\/wp\/v2\/comments?post=2145"}],"version-history":[{"count":11,"href":"https:\/\/e-process-achatpublic.fr\/conseil-ha\/wp-json\/wp\/v2\/pages\/2145\/revisions"}],"predecessor-version":[{"id":2283,"href":"https:\/\/e-process-achatpublic.fr\/conseil-ha\/wp-json\/wp\/v2\/pages\/2145\/revisions\/2283"}],"wp:attachment":[{"href":"https:\/\/e-process-achatpublic.fr\/conseil-ha\/wp-json\/wp\/v2\/media?parent=2145"}],"curies":[{"name":"wp","href":"https:\/\/api.w.org\/{rel}","templated":true}]}}