
{"id":2041,"date":"2022-09-08T00:29:40","date_gmt":"2022-09-08T00:29:40","guid":{"rendered":"http:\/\/e-process-achatpublic.fr\/conseil-ha\/?page_id=2041"},"modified":"2022-09-26T17:42:48","modified_gmt":"2022-09-26T17:42:48","slug":"association-cfh","status":"publish","type":"page","link":"https:\/\/e-process-achatpublic.fr\/conseil-ha\/association-cfh\/","title":{"rendered":"Association CFH@"},"content":{"rendered":"\n<h2 class=\"wp-block-heading\">Qui sommes nous ?<\/h2>\n\n\n\n<p class=\"has-medium-font-size\">Fabienne LENTIN (Conseil h@) et Christelle PLUTON-DENNY (<a href=\"http:\/\/cec-audit-conseil.com\" target=\"_blank\" rel=\"noreferrer noopener\" aria-label=\" (s\u2019ouvre dans un nouvel onglet)\">CEC Audit &amp; Conseil<\/a>) <\/p>\n\n\n\n<h2 class=\"wp-block-heading\">Rien ne vaut la synergie !<\/h2>\n\n\n\n<p class=\"has-medium-font-size\">Dans cette optique, les cabinets CEC Audit &amp; Conseil et Conseil h@ sp\u00e9cialis\u00e9s en march\u00e9s publics, se sont associ\u00e9s sous le nom de CFH@.<\/p>\n\n\n\n<p class=\"has-medium-font-size\">Cette association a \u00e9t\u00e9 cr\u00e9\u00e9e en 2018. Elle a pour objectif, en sortant des sentiers battus, de vous informer et de vous former \u00e0 travers divers \u00e9v\u00e8nements.<\/p>\n\n\n\n<p class=\"has-medium-font-size\">La programmation 2023 est en cours&#8230;<\/p>\n\n\n\n<h2 class=\"wp-block-heading\">Une publication aux \u00e9ditions \u00ab\u00a0Les savoirs du colibri\u00a0\u00bb<\/h2>\n\n\n\n<div style=\"width: 100%;\"><div style=\"position: relative; padding-bottom: 56.25%; padding-top: 0; height: 0;\"><iframe loading=\"lazy\" frameborder=\"0\" width=\"1200\" height=\"675\" style=\"position: absolute; top: 0; left: 0; width: 100%; height: 100%;\" src=\"https:\/\/view.genial.ly\/630f31bca52702001abc0a4d\" type=\"text\/html\" allowscriptaccess=\"always\" allowfullscreen=\"true\" scrolling=\"yes\" allownetworking=\"all\"><\/iframe> <\/div> <\/div>\n\n\n\n<h2 class=\"wp-block-heading\">Des matinales pour \u00e9changer autour de la d\u00e9mat\u00e9rialisation <\/h2>\n\n\n\n<div style=\"width: 100%;\"><div style=\"position: relative; padding-bottom: 56.25%; padding-top: 0; height: 0;\"><iframe loading=\"lazy\" frameborder=\"0\" width=\"1200\" height=\"675\" style=\"position: absolute; top: 0; left: 0; width: 100%; height: 100%;\" src=\"https:\/\/view.genial.ly\/62fff74cdecc0700188f4aa2\" type=\"text\/html\" allowscriptaccess=\"always\" allowfullscreen=\"true\" scrolling=\"yes\" allownetworking=\"all\"><\/iframe> <\/div> <\/div>\n","protected":false},"excerpt":{"rendered":"<p>Qui sommes nous ? Fabienne LENTIN (Conseil h@) et Christelle PLUTON-DENNY (CEC Audit &amp; Conseil) Rien ne vaut la synergie ! Dans cette optique, les cabinets CEC Audit &amp; Conseil et Conseil h@ sp\u00e9cialis\u00e9s en march\u00e9s publics, se sont associ\u00e9s &hellip; <a href=\"https:\/\/e-process-achatpublic.fr\/conseil-ha\/association-cfh\/\">Lire la suite\u00ad\u00ad<\/a><\/p>\n","protected":false},"author":1,"featured_media":0,"parent":0,"menu_order":0,"comment_status":"closed","ping_status":"closed","template":"page-feature.php","meta":{"kt_blocks_editor_width":"","footnotes":""},"_links":{"self":[{"href":"https:\/\/e-process-achatpublic.fr\/conseil-ha\/wp-json\/wp\/v2\/pages\/2041"}],"collection":[{"href":"https:\/\/e-process-achatpublic.fr\/conseil-ha\/wp-json\/wp\/v2\/pages"}],"about":[{"href":"https:\/\/e-process-achatpublic.fr\/conseil-ha\/wp-json\/wp\/v2\/types\/page"}],"author":[{"embeddable":true,"href":"https:\/\/e-process-achatpublic.fr\/conseil-ha\/wp-json\/wp\/v2\/users\/1"}],"replies":[{"embeddable":true,"href":"https:\/\/e-process-achatpublic.fr\/conseil-ha\/wp-json\/wp\/v2\/comments?post=2041"}],"version-history":[{"count":15,"href":"https:\/\/e-process-achatpublic.fr\/conseil-ha\/wp-json\/wp\/v2\/pages\/2041\/revisions"}],"predecessor-version":[{"id":2068,"href":"https:\/\/e-process-achatpublic.fr\/conseil-ha\/wp-json\/wp\/v2\/pages\/2041\/revisions\/2068"}],"wp:attachment":[{"href":"https:\/\/e-process-achatpublic.fr\/conseil-ha\/wp-json\/wp\/v2\/media?parent=2041"}],"curies":[{"name":"wp","href":"https:\/\/api.w.org\/{rel}","templated":true}]}}