
{"id":1703,"date":"2021-08-20T20:26:54","date_gmt":"2021-08-20T20:26:54","guid":{"rendered":"http:\/\/e-process-achatpublic.fr\/conseil-ha\/?page_id=1703"},"modified":"2022-03-03T20:48:12","modified_gmt":"2022-03-03T20:48:12","slug":"parcours-decouverte-des-marches-publics","status":"publish","type":"page","link":"https:\/\/e-process-achatpublic.fr\/conseil-ha\/formations\/parcours-decouverte-des-marches-publics\/","title":{"rendered":"Parcours d\u00e9couverte des march\u00e9s publics"},"content":{"rendered":"\n<p style=\"text-align:center\"><strong>Les march\u00e9s publics pour les personnes \u00e9loign\u00e9es de l&rsquo;acte d&rsquo;achat<\/strong><\/p>\n\n\n\n<div class=\"wp-block-image\"><figure class=\"aligncenter\"><img loading=\"lazy\" decoding=\"async\" width=\"1024\" height=\"576\" src=\"http:\/\/e-process-achatpublic.fr\/conseil-ha\/wp-content\/uploads\/2021\/08\/side-view-woman-admiring-nature-through-binoculars-1024x576.jpg\" alt=\"\" class=\"wp-image-1702\" srcset=\"https:\/\/e-process-achatpublic.fr\/conseil-ha\/wp-content\/uploads\/2021\/08\/side-view-woman-admiring-nature-through-binoculars-1024x576.jpg 1024w, https:\/\/e-process-achatpublic.fr\/conseil-ha\/wp-content\/uploads\/2021\/08\/side-view-woman-admiring-nature-through-binoculars-300x169.jpg 300w, https:\/\/e-process-achatpublic.fr\/conseil-ha\/wp-content\/uploads\/2021\/08\/side-view-woman-admiring-nature-through-binoculars-768x432.jpg 768w\" sizes=\"(max-width: 1024px) 100vw, 1024px\" \/><\/figure><\/div>\n\n\n\n<pre class=\"wp-block-preformatted\"><div style=\"width: 100%;\"><div style=\"position: relative; padding-bottom: 56.25%; padding-top: 0; height: 0;\"><iframe loading=\"lazy\" frameborder=\"0\" width=\"1280\" height=\"720\" style=\"position: absolute; top: 0; left: 0; width: 100%; height: 100%;\" src=\"https:\/\/view.genial.ly\/611e570762dc7b0dfc18b779\" type=\"text\/html\" allowscriptaccess=\"always\" allowfullscreen=\"true\" scrolling=\"yes\" allownetworking=\"all\"><\/iframe> <\/div> <\/div><\/pre>\n\n\n\n<h4 class=\"wp-block-heading\" style=\"text-align:center\"><a href=\"http:\/\/e-process-achatpublic.fr\/conseil-ha\/?p=39\">EN&nbsp;SAVOIR&nbsp;PLUS\ufeff<\/a><\/h4>\n\n\n\n<figure class=\"wp-block-video\"><video autoplay controls loop src=\"http:\/\/e-process-achatpublic.fr\/conseil-ha\/wp-content\/uploads\/2021\/08\/Billet-vid\u00c3\u00a9o-carr\u00c3\u00a9-1080x1080-px-3.mp4\"><\/video><\/figure>\n","protected":false},"excerpt":{"rendered":"<p>Les march\u00e9s publics pour les personnes \u00e9loign\u00e9es de l&rsquo;acte d&rsquo;achat EN&nbsp;SAVOIR&nbsp;PLUS\ufeff<\/p>\n","protected":false},"author":1,"featured_media":0,"parent":1383,"menu_order":0,"comment_status":"closed","ping_status":"closed","template":"page-fullwidth.php","meta":{"kt_blocks_editor_width":"","footnotes":""},"_links":{"self":[{"href":"https:\/\/e-process-achatpublic.fr\/conseil-ha\/wp-json\/wp\/v2\/pages\/1703"}],"collection":[{"href":"https:\/\/e-process-achatpublic.fr\/conseil-ha\/wp-json\/wp\/v2\/pages"}],"about":[{"href":"https:\/\/e-process-achatpublic.fr\/conseil-ha\/wp-json\/wp\/v2\/types\/page"}],"author":[{"embeddable":true,"href":"https:\/\/e-process-achatpublic.fr\/conseil-ha\/wp-json\/wp\/v2\/users\/1"}],"replies":[{"embeddable":true,"href":"https:\/\/e-process-achatpublic.fr\/conseil-ha\/wp-json\/wp\/v2\/comments?post=1703"}],"version-history":[{"count":14,"href":"https:\/\/e-process-achatpublic.fr\/conseil-ha\/wp-json\/wp\/v2\/pages\/1703\/revisions"}],"predecessor-version":[{"id":1977,"href":"https:\/\/e-process-achatpublic.fr\/conseil-ha\/wp-json\/wp\/v2\/pages\/1703\/revisions\/1977"}],"up":[{"embeddable":true,"href":"https:\/\/e-process-achatpublic.fr\/conseil-ha\/wp-json\/wp\/v2\/pages\/1383"}],"wp:attachment":[{"href":"https:\/\/e-process-achatpublic.fr\/conseil-ha\/wp-json\/wp\/v2\/media?parent=1703"}],"curies":[{"name":"wp","href":"https:\/\/api.w.org\/{rel}","templated":true}]}}