
{"id":15,"date":"2015-03-28T16:23:26","date_gmt":"2015-03-28T16:23:26","guid":{"rendered":"http:\/\/e-process-achatpublic.fr\/conseil-ha\/?page_id=15"},"modified":"2022-08-25T10:11:58","modified_gmt":"2022-08-25T10:11:58","slug":"presentation","status":"publish","type":"page","link":"https:\/\/e-process-achatpublic.fr\/conseil-ha\/presentation\/","title":{"rendered":"Mon parcours"},"content":{"rendered":"\n<figure class=\"wp-block-embed-youtube wp-block-embed is-type-video is-provider-youtube wp-embed-aspect-16-9 wp-has-aspect-ratio\"><div class=\"wp-block-embed__wrapper\">\n<iframe loading=\"lazy\" width=\"1140\" height=\"641\" src=\"https:\/\/www.youtube.com\/embed\/d-8e-Nahy6w?feature=oembed\" frameborder=\"0\" allow=\"accelerometer; autoplay; clipboard-write; encrypted-media; gyroscope; picture-in-picture\" allowfullscreen title=\"FABIENNE LENTIN CONSULTANT FORMATEUR 1080p mp4\"><\/iframe>\n<\/div><\/figure>\n\n\n\n<p class=\"has-small-font-size\"><strong>Vid\u00e9o 1\u00e8re \u00e9dition de la Rencontre des m\u00e9tiers des professions lib\u00e9rales 9 octobre 2018<\/strong><\/p>\n\n\n<p style=\"text-align: justify;\">Apr\u00e8s un premier parcours professionnel de 31 ans au sein du minist\u00e8re des arm\u00e9es, fortement marqu\u00e9 par la mise en oeuvre des march\u00e9s publics, Fabienne Lentin cr\u00e9e en mars 2015 une entreprise de conseil et formation en march\u00e9s publics, d\u00e9di\u00e9e \u00e0 la modernisation de l&rsquo;achat public.<\/p>\n<h3>Une solide exp\u00e9rience<\/h3>\n<p style=\"text-align: justify;\">Durant les 18 derni\u00e8res\u00a0ann\u00e9es pass\u00e9es au minist\u00e8re des arm\u00e9es, elle a \u00e9t\u00e9 responsable de plusieurs conduites de projets dont 5 ans consacr\u00e9s \u00e0 la carte\u00a0d&rsquo;achat, de l&rsquo;accompagnement des diff\u00e9rents acteurs de la commande publique, de la conduite du changement notamment dans le cadre de la transformation num\u00e9rique dans le domaine achat\/finances. Son investissement dans le d\u00e9ploiement du programme carte achat du soutien des mat\u00e9riels terrestres, lui a valu d&rsquo;\u00eatre laur\u00e9ate du troph\u00e9e de la carte d&rsquo;achat d\u00e9cern\u00e9 par l&rsquo;association des professionnels europ\u00e9en et de la carte d&rsquo;achat (APECA) en 2013.<\/p>\n<h3>Des valeurs s\u00fbres<\/h3>\n<p>Elle est dipl\u00f4m\u00e9e de l\u2019universit\u00e9 de Poitiers &#8211;\u00a0Master 2 professionnel March\u00e9s Publics et d\u00e9l\u00e9gation des services publics (2005 &#8211; 2007)<\/p>\n<p>Elle d\u00e9tient les certifications ci-apr\u00e8s :<\/p>\n<ul>\n<li>E-learning 2\u00e8me et 3\u00e8me niveaux &#8211; l&rsquo;Institut sup\u00e9rieur des technologies de la formation (2015)<\/li>\n<li>Formateur expert &#8211; ICPF (2015)<\/li>\n<li>NCA Praticien Institut of NeuroCognitivitism (d\u00e9c. 2020 &#8211; juin 2021)<\/li>\n<li>Certified consultant Klaxoon (mai 2021 &#8211; juin 2021)<\/li>\n<\/ul>\n<p>\u00a0<\/p>\n<h5 style=\"text-align: right;\">\u00a0<\/h5>\n\n\n<p><\/p>\n","protected":false},"excerpt":{"rendered":"<p>Vid\u00e9o 1\u00e8re \u00e9dition de la Rencontre des m\u00e9tiers des professions lib\u00e9rales 9 octobre 2018 Apr\u00e8s un premier parcours professionnel de 31 ans au sein du minist\u00e8re des arm\u00e9es, fortement marqu\u00e9 par la mise en oeuvre des march\u00e9s publics, Fabienne Lentin &hellip; <a href=\"https:\/\/e-process-achatpublic.fr\/conseil-ha\/presentation\/\">Lire la suite\u00ad\u00ad<\/a><\/p>\n","protected":false},"author":1,"featured_media":0,"parent":0,"menu_order":0,"comment_status":"open","ping_status":"open","template":"","meta":{"kt_blocks_editor_width":"","footnotes":""},"_links":{"self":[{"href":"https:\/\/e-process-achatpublic.fr\/conseil-ha\/wp-json\/wp\/v2\/pages\/15"}],"collection":[{"href":"https:\/\/e-process-achatpublic.fr\/conseil-ha\/wp-json\/wp\/v2\/pages"}],"about":[{"href":"https:\/\/e-process-achatpublic.fr\/conseil-ha\/wp-json\/wp\/v2\/types\/page"}],"author":[{"embeddable":true,"href":"https:\/\/e-process-achatpublic.fr\/conseil-ha\/wp-json\/wp\/v2\/users\/1"}],"replies":[{"embeddable":true,"href":"https:\/\/e-process-achatpublic.fr\/conseil-ha\/wp-json\/wp\/v2\/comments?post=15"}],"version-history":[{"count":34,"href":"https:\/\/e-process-achatpublic.fr\/conseil-ha\/wp-json\/wp\/v2\/pages\/15\/revisions"}],"predecessor-version":[{"id":2032,"href":"https:\/\/e-process-achatpublic.fr\/conseil-ha\/wp-json\/wp\/v2\/pages\/15\/revisions\/2032"}],"wp:attachment":[{"href":"https:\/\/e-process-achatpublic.fr\/conseil-ha\/wp-json\/wp\/v2\/media?parent=15"}],"curies":[{"name":"wp","href":"https:\/\/api.w.org\/{rel}","templated":true}]}}