
{"id":1953,"date":"2022-08-25T10:05:48","date_gmt":"2022-08-25T10:05:48","guid":{"rendered":"http:\/\/e-process-achatpublic.fr\/conseil-ha\/?page_id=1953"},"modified":"2022-09-27T09:05:28","modified_gmt":"2022-09-27T09:05:28","slug":"outils-happy-learning","status":"publish","type":"page","link":"http:\/\/e-process-achatpublic.fr\/conseil-ha\/outils-happy-learning\/","title":{"rendered":"Outils H@ppy learning"},"content":{"rendered":"\n<p class=\"has-text-color has-medium-font-size has-virtue-primary-color\">La cr\u00e9ativit\u00e9 au service du d\u00e9veloppement des comp\u00e9tences en march\u00e9s publics <\/p>\n\n\n\n<p>Si vous souhaitez b\u00e9n\u00e9ficier d&rsquo;outils similaires adapt\u00e9s \u00e0 votre environnement, n&rsquo;h\u00e9sitez pas, Conseil h@ est l\u00e0&#8230;<\/p>\n\n\n\n<p class=\"has-medium-font-size\"><strong>Les voisins de l&rsquo;achat public<\/strong><\/p>\n\n\n\n<p>Voil\u00e0 un nouvel outil tout simple pour savoir qui fait quoi ou qui devrait faire quoi&#8230; Je vous pr\u00e9sente les \u00ab\u00a0voisins\u00a0\u00bb acteurs de l\u2019achat public.<br>C\u2019est un v\u00e9ritable casse-t\u00eate pour tout le monde\u00a0!<br>Oui, vous \u00eates tous concern\u00e9s. Je dis bien TOUS.<br>Donc quels acteurs \u00eates-vous\u00a0?\u00a0<\/p>\n\n\n\n<p>Ce n&rsquo;est pas toujours joyeux tout \u00e7a&nbsp;!&nbsp;<\/p>\n\n\n\n<p>Il faut juste apprendre \u00e0 se conna\u00eetre&#8230; \u00e7a tombe bien Conseil h@ vous les pr\u00e9sentera tr\u00e8s bient\u00f4t dans de folles aventures.&nbsp;<br>Je vais vous faire tout de m\u00eame une confidence&nbsp;: je r\u00eave d\u2019organiser une grande f\u00eate des voisins&#8230;<br>un s\u00e9minaire chez vous avec tous ces acteurs, ce serait top non&nbsp;? N\u2019h\u00e9sitez pas si cela vous tente Conseil h@ est l\u00e0&nbsp;!<br><\/p>\n\n\n\n<p>En attendant, m\u00eame si vous n\u2019\u00eates pas concern\u00e9s, cliquez donc sur les d\u00e9tracteurs, les absents et les endormis&nbsp;\ud83d\ude09&nbsp;<\/p>\n\n\n\n<div style=\"width: 100%;\"><div style=\"position: relative; padding-bottom: 56.25%; padding-top: 0; height: 0;\"><iframe loading=\"lazy\" frameborder=\"0\" width=\"1200\" height=\"675\" style=\"position: absolute; top: 0; left: 0; width: 100%; height: 100%;\" src=\"https:\/\/view.genial.ly\/6321fd9fbd261800180be065\" type=\"text\/html\" allowscriptaccess=\"always\" allowfullscreen=\"true\" scrolling=\"yes\" allownetworking=\"all\"><\/iframe> <\/div> <\/div>\n\n\n\n<p><\/p>\n\n\n\n<p class=\"has-medium-font-size\"><strong>Le petit ab\u00e9c\u00e9daire des march\u00e9s publics<\/strong><\/p>\n\n\n\n<p>Apr\u00e8s le juke box du vocabulaire des march\u00e9s publics, voici le petit ab\u00e9c\u00e9daire des sigles.<br>Imaginez la t\u00eate de cette nouvelle recrue \u00e0 qui vous devez donner quelques consignes&nbsp;: DCE, AO, BOAMP QQOQCCP, AE CCAP, CCTP PSE&#8230; et j\u2019en passe<br>Imaginez l\u2019inverse si vous deviez lui d\u00e9velopper tous ces sigles&#8230; <br>Ce n\u2019est pas mieux. Arriv\u00e9 \u00e0 la fin de chaque phrase on aura oubli\u00e9 le d\u00e9but.<br>La solution, c\u2019est d\u2019avoir \u00e0 port\u00e9e de main ce petit ab\u00e9c\u00e9daire.<br>Cliquez sur la 1\u00e8re&nbsp;lettre du sigle concern\u00e9 et d\u00e9couvrez&#8230;<br>Quelle est votre lettre pr\u00e9f\u00e9r\u00e9e&nbsp;? Personnellement je n\u2019arrive pas \u00e0 choisir entre le \u00ab&nbsp;d&nbsp;\u00bb et le \u00ab&nbsp;t&nbsp;\u00bb&#8230;<br>Mais bon si vous maitrisez tout, allez au moins voir les W X Y Z.<br>N\u2019oubliez pas&nbsp;: pour aller plus loin, Conseil h@ s&nbsp;\u2018occupe de vous.<\/p>\n\n\n\n<div style=\"width: 100%;\"><div style=\"position: relative; padding-bottom: 56.25%; padding-top: 0; height: 0;\"><iframe loading=\"lazy\" frameborder=\"0\" width=\"1200\" height=\"675\" style=\"position: absolute; top: 0; left: 0; width: 100%; height: 100%;\" src=\"https:\/\/view.genial.ly\/6304df43f7a94900189941ac\" type=\"text\/html\" allowscriptaccess=\"always\" allowfullscreen=\"true\" scrolling=\"yes\" allownetworking=\"all\"><\/iframe> <\/div> <\/div>\n\n\n\n<p><\/p>\n\n\n\n<p class=\"has-medium-font-size\"><strong>Le juke box vocabulaire des march\u00e9s publics<\/strong><\/p>\n\n\n\n<p>Vous rentrez de vacances ou vous venez juste de partir&nbsp;? Je ne vous propose des morceaux de musique mais les r\u00e9ponses aux questions que vous vous posez peut-\u00eatre&#8230;<br>Vous pourrez au choix vous remettre dans le bain, vous immerger dans le monde merveilleux des march\u00e9s publics, ou alors allez profiter directement de mon tube de l\u2019\u00e9t\u00e9 pr\u00e9f\u00e9r\u00e9.<\/p>\n\n\n\n<p>Les r\u00e9ponses \u00e0 ces questions sont volontairement simplifi\u00e9es sans trop de jargon juridique pour aller \u00e0 l\u2019essentiel et \u00eatre accessibles \u00e0 tous.<br>Pour aller plus loin vous pouvez passer la page des questions et d\u00e9couvrir entre autres, le tube de l\u2019\u00e9t\u00e9 2022 que je vous propose&#8230;<br>N\u2019ayez crainte je ne vais pas me mettre \u00e0 chanter. Cliquez vite sur le cercle rouge !<\/p>\n\n\n\n<div style=\"width: 100%;\"><div style=\"position: relative; padding-bottom: 56.25%; padding-top: 0; height: 0;\"><iframe loading=\"lazy\" frameborder=\"0\" width=\"1200\" height=\"675\" style=\"position: absolute; top: 0; left: 0; width: 100%; height: 100%;\" src=\"https:\/\/view.genial.ly\/5e909084fba9d40d9e44c4e7\" type=\"text\/html\" allowscriptaccess=\"always\" allowfullscreen=\"true\" scrolling=\"yes\" allownetworking=\"all\"><\/iframe> <\/div> <\/div>\n","protected":false},"excerpt":{"rendered":"<p>La cr\u00e9ativit\u00e9 au service du d\u00e9veloppement des comp\u00e9tences en march\u00e9s publics Si vous souhaitez b\u00e9n\u00e9ficier d&rsquo;outils similaires adapt\u00e9s \u00e0 votre environnement, n&rsquo;h\u00e9sitez pas, Conseil h@ est l\u00e0&#8230; Les voisins de l&rsquo;achat public Voil\u00e0 un nouvel outil tout simple pour savoir &hellip; <a href=\"http:\/\/e-process-achatpublic.fr\/conseil-ha\/outils-happy-learning\/\">Lire la suite\u00ad\u00ad<\/a><\/p>\n","protected":false},"author":1,"featured_media":0,"parent":0,"menu_order":0,"comment_status":"closed","ping_status":"closed","template":"","meta":{"kt_blocks_editor_width":"","footnotes":""},"_links":{"self":[{"href":"http:\/\/e-process-achatpublic.fr\/conseil-ha\/wp-json\/wp\/v2\/pages\/1953"}],"collection":[{"href":"http:\/\/e-process-achatpublic.fr\/conseil-ha\/wp-json\/wp\/v2\/pages"}],"about":[{"href":"http:\/\/e-process-achatpublic.fr\/conseil-ha\/wp-json\/wp\/v2\/types\/page"}],"author":[{"embeddable":true,"href":"http:\/\/e-process-achatpublic.fr\/conseil-ha\/wp-json\/wp\/v2\/users\/1"}],"replies":[{"embeddable":true,"href":"http:\/\/e-process-achatpublic.fr\/conseil-ha\/wp-json\/wp\/v2\/comments?post=1953"}],"version-history":[{"count":18,"href":"http:\/\/e-process-achatpublic.fr\/conseil-ha\/wp-json\/wp\/v2\/pages\/1953\/revisions"}],"predecessor-version":[{"id":2125,"href":"http:\/\/e-process-achatpublic.fr\/conseil-ha\/wp-json\/wp\/v2\/pages\/1953\/revisions\/2125"}],"wp:attachment":[{"href":"http:\/\/e-process-achatpublic.fr\/conseil-ha\/wp-json\/wp\/v2\/media?parent=1953"}],"curies":[{"name":"wp","href":"https:\/\/api.w.org\/{rel}","templated":true}]}}