
{"id":1939,"date":"2022-08-24T17:43:59","date_gmt":"2022-08-24T17:43:59","guid":{"rendered":"http:\/\/e-process-achatpublic.fr\/conseil-ha\/?page_id=1939"},"modified":"2026-01-30T09:21:32","modified_gmt":"2026-01-30T09:21:32","slug":"modalites-dintervention","status":"publish","type":"page","link":"http:\/\/e-process-achatpublic.fr\/conseil-ha\/modalites-dintervention\/","title":{"rendered":"Modalit\u00e9s d&rsquo;intervention"},"content":{"rendered":"\n<div class=\"wp-block-buttons is-layout-flex wp-block-buttons-is-layout-flex\">\n<div class=\"wp-block-button\"><a class=\"wp-block-button__link wp-element-button\" href=\"https:\/\/www.logiciel-galaxy.fr\/catalogue-Conseil_ha.html\" target=\"_blank\" rel=\"noreferrer noopener\">Catalogue 2025\/2026<\/a><\/div>\n<\/div>\n\n\n\n<p><\/p>\n\n\n\n<div class=\"wp-block-buttons is-layout-flex wp-block-buttons-is-layout-flex\">\n<div class=\"wp-block-button\"><a class=\"wp-block-button__link wp-element-button\" href=\"http:\/\/e-process-achatpublic.fr\/conseil-ha\/wp-content\/uploads\/2024\/01\/DO-03-et-04-Formulaire-dinscription-et-CGV-V4-2024.pdf\">Formulaire d&rsquo;inscription et conditions g\u00e9n\u00e9rales de vente<\/a><\/div>\n<\/div>\n\n\n\n<p><\/p>\n\n\n\n<div class=\"wp-block-buttons is-layout-flex wp-block-buttons-is-layout-flex\">\n<div class=\"wp-block-button\"><a class=\"wp-block-button__link wp-element-button\" href=\"http:\/\/e-process-achatpublic.fr\/conseil-ha\/wp-content\/uploads\/2024\/01\/R\u00e9glement-int\u00e9rieur-Conseil-h@-V4-2024.pdf\">R\u00e8glement int\u00e9rieur<\/a><\/div>\n<\/div>\n\n\n\n<p><\/p>\n\n\n\n<figure class=\"wp-block-video\"><video autoplay controls loop src=\"http:\/\/e-process-achatpublic.fr\/conseil-ha\/wp-content\/uploads\/2024\/01\/5448140_Coll_wavebreak_Animation_Digital-Icon_1280x720.mp4\"><\/video><\/figure>\n\n\n\n<p><\/p>\n\n\n\n<h2 class=\"wp-block-heading\">Modalit\u00e9s d&rsquo;acc\u00e8s<\/h2>\n\n\n\n<ul>\n<li>Apr\u00e8s positionnement et validation des acquis des pr\u00e9requis et du profil de l&rsquo;apprenant (par mail ou par t\u00e9l\u00e9phone)<\/li>\n\n\n\n<li>Validation de l&rsquo;inscription par bon de commande et convention de formation<\/li>\n\n\n\n<li>Prise en compte de l&rsquo;acc\u00e8s aux handicap\u00e9s apr\u00e8s \u00e9changes et ajustements des dispositions habituelles<\/li>\n\n\n\n<li>Dur\u00e9e estim\u00e9e entre la demande du b\u00e9n\u00e9ficiaire et le d\u00e9but de la prestation est de 3 semaines<\/li>\n<\/ul>\n\n\n\n<p><\/p>\n\n\n\n<h2 class=\"wp-block-heading\">Modalit\u00e9s d&rsquo;animation<\/h2>\n\n\n\n<p>Au coeur de l&rsquo;action de formation, il y a l&rsquo;apprenant. Le dispositif pr\u00e9sentiel ou distanciel importe peu. De fa\u00e7on immersive, il sera plong\u00e9 dans l&rsquo;univers de <a href=\"https:\/\/klaxoon.com\/fr\">Klaxoon<\/a>, \u00e0 condition qu&rsquo;il soit dot\u00e9 au choix d&rsquo;un ordinateur, d&rsquo;un t\u00e9l\u00e9phone, d&rsquo;une tablette ou d&rsquo;un smartphone. Des dispositifs plus traditionnels compl\u00e8tent \u00e9galement cette digitalisation :<\/p>\n\n\n\n<ul>\n<li>Ateliers pratiques<\/li>\n\n\n\n<li>Jeux de r\u00f4les<\/li>\n\n\n\n<li>Echanges et partage<\/li>\n<\/ul>\n\n\n\n<p>Au programme ludop\u00e9dagogie, r\u00e9flexivit\u00e9 et co-construction, tous les ingr\u00e9dients sont r\u00e9unis pour \u00e9veiller chez l\u2019apprenant l\u2019envie d\u2019aller plus loin et d\u00e9velopper ses comp\u00e9tences.&nbsp;<\/p>\n\n\n\n<p>Prenez connaissance ci-apr\u00e8s des conditions \u00e0 remplir pour un d\u00e9roulement optimal des accompagnements.<\/p>\n\n\n\n<div style=\"width: 100%;\"><div style=\"position: relative; padding-bottom: 56.31%; padding-top: 0; height: 0;\"><iframe loading=\"lazy\" frameborder=\"0\" width=\"1600\" height=\"901\" style=\"position: absolute; top: 0; left: 0; width: 100%; height: 100%;\" src=\"https:\/\/view.genial.ly\/6305fb51583d470015b968a7\" type=\"text\/html\" allowscriptaccess=\"always\" allowfullscreen=\"true\" scrolling=\"yes\" allownetworking=\"all\"><\/iframe> <\/div> <\/div>\n\n\n\n<p><\/p>\n\n\n<style id=\"kt-blocks_d28eb4-6b\">#kt-adv-heading_d28eb4-6b, #kt-adv-heading_d28eb4-6b .wp-block-kadence-advancedheading, .wp-block-kadence-advancedheading.kt-adv-heading_d28eb4-6b[data-kb-block=\"kb-adv-heading_d28eb4-6b\"], .kadence-advanced-heading-wrapper .kt-adv-heading_d28eb4-6b[data-kb-block=\"kb-adv-heading_d28eb4-6b\"]{text-align:center;}<\/style>\n<h1 class=\"kt-adv-heading_d28eb4-6b wp-block-kadence-advancedheading\" data-kb-block=\"kb-adv-heading_d28eb4-6b\"><strong>96,8%<\/strong> des stagiaires sont satisfaits de la qualit\u00e9 des prestations de la formatrice<\/h1>\n","protected":false},"excerpt":{"rendered":"<p>Modalit\u00e9s d&rsquo;acc\u00e8s Modalit\u00e9s d&rsquo;animation Au coeur de l&rsquo;action de formation, il y a l&rsquo;apprenant. Le dispositif pr\u00e9sentiel ou distanciel importe peu. De fa\u00e7on immersive, il sera plong\u00e9 dans l&rsquo;univers de Klaxoon, \u00e0 condition qu&rsquo;il soit dot\u00e9 au choix d&rsquo;un ordinateur, &hellip; <a href=\"http:\/\/e-process-achatpublic.fr\/conseil-ha\/modalites-dintervention\/\">Lire la suite\u00ad\u00ad<\/a><\/p>\n","protected":false},"author":1,"featured_media":0,"parent":0,"menu_order":0,"comment_status":"closed","ping_status":"closed","template":"","meta":{"kt_blocks_editor_width":"","footnotes":""},"_links":{"self":[{"href":"http:\/\/e-process-achatpublic.fr\/conseil-ha\/wp-json\/wp\/v2\/pages\/1939"}],"collection":[{"href":"http:\/\/e-process-achatpublic.fr\/conseil-ha\/wp-json\/wp\/v2\/pages"}],"about":[{"href":"http:\/\/e-process-achatpublic.fr\/conseil-ha\/wp-json\/wp\/v2\/types\/page"}],"author":[{"embeddable":true,"href":"http:\/\/e-process-achatpublic.fr\/conseil-ha\/wp-json\/wp\/v2\/users\/1"}],"replies":[{"embeddable":true,"href":"http:\/\/e-process-achatpublic.fr\/conseil-ha\/wp-json\/wp\/v2\/comments?post=1939"}],"version-history":[{"count":28,"href":"http:\/\/e-process-achatpublic.fr\/conseil-ha\/wp-json\/wp\/v2\/pages\/1939\/revisions"}],"predecessor-version":[{"id":2281,"href":"http:\/\/e-process-achatpublic.fr\/conseil-ha\/wp-json\/wp\/v2\/pages\/1939\/revisions\/2281"}],"wp:attachment":[{"href":"http:\/\/e-process-achatpublic.fr\/conseil-ha\/wp-json\/wp\/v2\/media?parent=1939"}],"curies":[{"name":"wp","href":"https:\/\/api.w.org\/{rel}","templated":true}]}}